{"id":7,"date":"2024-08-01T14:43:43","date_gmt":"2024-08-01T14:43:43","guid":{"rendered":"https:\/\/www.antalyabaytasnakliyat.com\/?page_id=7"},"modified":"2024-09-01T15:25:47","modified_gmt":"2024-09-01T15:25:47","slug":"hakkimizda","status":"publish","type":"page","link":"https:\/\/www.antalyabaytasnakliyat.com\/?page_id=7","title":{"rendered":"hak\u0131m\u0131zda"},"content":{"rendered":"\t\t<div data-elementor-type=\"wp-page\" data-elementor-id=\"7\" class=\"elementor elementor-7\">\n\t\t\t\t<div class=\"elementor-element elementor-element-60434960 e-con-full e-flex e-con e-parent\" data-id=\"60434960\" data-element_type=\"container\">\n\t\t\t\t<div class=\"elementor-element elementor-element-266c3a84 elementor-widget elementor-widget-text-editor\" data-id=\"266c3a84\" data-element_type=\"widget\" data-widget_type=\"text-editor.default\">\n\t\t\t\t<div class=\"elementor-widget-container\">\n\t\t\t<style>\/*! elementor - v3.23.0 - 05-08-2024 *\/\n.elementor-widget-text-editor.elementor-drop-cap-view-stacked .elementor-drop-cap{background-color:#69727d;color:#fff}.elementor-widget-text-editor.elementor-drop-cap-view-framed .elementor-drop-cap{color:#69727d;border:3px solid;background-color:transparent}.elementor-widget-text-editor:not(.elementor-drop-cap-view-default) .elementor-drop-cap{margin-top:8px}.elementor-widget-text-editor:not(.elementor-drop-cap-view-default) .elementor-drop-cap-letter{width:1em;height:1em}.elementor-widget-text-editor .elementor-drop-cap{float:left;text-align:center;line-height:1;font-size:50px}.elementor-widget-text-editor .elementor-drop-cap-letter{display:inline-block}<\/style>\t\t\t\t<!-- wp:heading {\"level\":1} -->\n<h1 class=\"wp-block-heading\">Hak\u0131m\u0131zda<\/h1>\n<!-- \/wp:heading --><!-- wp:columns -->\n<div class=\"wp-block-columns\"><!-- wp:column -->\n<div class=\"wp-block-column\"><!-- wp:paragraph -->\n<p>Bayta\u015f Nakliyat, 2016 y\u0131l\u0131nda Din\u00e7er Bayram taraf\u0131ndan kurulmu\u015f olup, her t\u00fcrl\u00fc e\u015fyan\u0131n ta\u015f\u0131nmas\u0131nda kaliteli ve g\u00fcvenilir hizmet sunmaktad\u0131r. &#8220;Her yere zaman\u0131nda, \u00e7\u00f6z\u00fcm odakl\u0131 ta\u015f\u0131mac\u0131l\u0131k&#8221; slogan\u0131yla hareket eden firmam\u0131z, m\u00fc\u015fteri memnuniyeti, g\u00fcvenilirlik ve profesyonelli\u011fi en \u00fcst d\u00fczeyde tutar. Uzman kadromuzla ev ve ofis e\u015fyalar\u0131n\u0131z\u0131 b\u00fcy\u00fck bir titizlikle ta\u015f\u0131yor, 7\/24 m\u00fc\u015fteri hizmetlerimizle her zaman yan\u0131n\u0131zda oluyoruz. Misyonumuz, m\u00fc\u015fterilerimizin ihtiya\u00e7lar\u0131n\u0131 en iyi \u015fekilde kar\u015f\u0131lamak, vizyonumuz ise sekt\u00f6r\u00fcn \u00f6nc\u00fc firmalar\u0131ndan biri olmakt\u0131r. Bayta\u015f Nakliyat, kaliteli ta\u015f\u0131mac\u0131l\u0131\u011f\u0131n adresi olarak siz de\u011ferli m\u00fc\u015fterilerimize hizmet vermekten gurur duyar.<\/p>\n<!-- \/wp:paragraph --><\/div>\n<!-- \/wp:column --><!-- wp:column -->\n<div class=\"wp-block-column\"><!-- wp:image {\"id\":53,\"sizeSlug\":\"full\",\"linkDestination\":\"none\"} -->\n<figure class=\"wp-block-image size-full\"><img fetchpriority=\"high\" decoding=\"async\" width=\"800\" height=\"600\" class=\"wp-image-53\" src=\"http:\/\/www.antalyabaytasnakliyat.com\/wp-content\/uploads\/2024\/08\/asansor.webp\" alt=\"asans\u00f6rl\u00fc ta\u015f\u0131ma\" srcset=\"https:\/\/www.antalyabaytasnakliyat.com\/wp-content\/uploads\/2024\/08\/asansor.webp 800w, https:\/\/www.antalyabaytasnakliyat.com\/wp-content\/uploads\/2024\/08\/asansor-300x225.webp 300w, https:\/\/www.antalyabaytasnakliyat.com\/wp-content\/uploads\/2024\/08\/asansor-768x576.webp 768w\" sizes=\"(max-width: 800px) 100vw, 800px\" \/><\/figure>\n<!-- \/wp:image --><\/div>\n<!-- \/wp:column --><\/div>\n<!-- \/wp:columns -->\t\t\t\t\t\t<\/div>\n\t\t\t\t<\/div>\n\t\t\t\t<\/div>\n\t\t\t\t<\/div>\n\t\t","protected":false},"excerpt":{"rendered":"<p>Hak\u0131m\u0131zda Bayta\u015f Nakliyat, 2016 y\u0131l\u0131nda Din\u00e7er Bayram taraf\u0131ndan kurulmu\u015f olup, her t\u00fcrl\u00fc e\u015fyan\u0131n ta\u015f\u0131nmas\u0131nda kaliteli ve g\u00fcvenilir hizmet sunmaktad\u0131r. &#8220;Her yere zaman\u0131nda, \u00e7\u00f6z\u00fcm odakl\u0131 ta\u015f\u0131mac\u0131l\u0131k&#8221; slogan\u0131yla hareket eden firmam\u0131z, m\u00fc\u015fteri memnuniyeti, g\u00fcvenilirlik ve profesyonelli\u011fi en \u00fcst d\u00fczeyde tutar. Uzman kadromuzla ev ve ofis e\u015fyalar\u0131n\u0131z\u0131 b\u00fcy\u00fck bir titizlikle ta\u015f\u0131yor, 7\/24 m\u00fc\u015fteri hizmetlerimizle her zaman yan\u0131n\u0131zda oluyoruz. [&hellip;]<\/p>\n","protected":false},"author":1,"featured_media":0,"parent":0,"menu_order":0,"comment_status":"closed","ping_status":"closed","template":"","meta":{"_monsterinsights_skip_tracking":false,"_monsterinsights_sitenote_active":false,"_monsterinsights_sitenote_note":"","_monsterinsights_sitenote_category":0,"footnotes":""},"class_list":["post-7","page","type-page","status-publish","hentry"],"aioseo_notices":[],"_links":{"self":[{"href":"https:\/\/www.antalyabaytasnakliyat.com\/index.php?rest_route=\/wp\/v2\/pages\/7","targetHints":{"allow":["GET"]}}],"collection":[{"href":"https:\/\/www.antalyabaytasnakliyat.com\/index.php?rest_route=\/wp\/v2\/pages"}],"about":[{"href":"https:\/\/www.antalyabaytasnakliyat.com\/index.php?rest_route=\/wp\/v2\/types\/page"}],"author":[{"embeddable":true,"href":"https:\/\/www.antalyabaytasnakliyat.com\/index.php?rest_route=\/wp\/v2\/users\/1"}],"replies":[{"embeddable":true,"href":"https:\/\/www.antalyabaytasnakliyat.com\/index.php?rest_route=%2Fwp%2Fv2%2Fcomments&post=7"}],"version-history":[{"count":11,"href":"https:\/\/www.antalyabaytasnakliyat.com\/index.php?rest_route=\/wp\/v2\/pages\/7\/revisions"}],"predecessor-version":[{"id":217,"href":"https:\/\/www.antalyabaytasnakliyat.com\/index.php?rest_route=\/wp\/v2\/pages\/7\/revisions\/217"}],"wp:attachment":[{"href":"https:\/\/www.antalyabaytasnakliyat.com\/index.php?rest_route=%2Fwp%2Fv2%2Fmedia&parent=7"}],"curies":[{"name":"wp","href":"https:\/\/api.w.org\/{rel}","templated":true}]}}